{"id":12,"date":"2023-04-06T17:00:34","date_gmt":"2023-04-06T15:00:34","guid":{"rendered":"http:\/\/www.kizatrans.com\/?page_id=12"},"modified":"2023-04-06T17:43:12","modified_gmt":"2023-04-06T15:43:12","slug":"acceuil","status":"publish","type":"page","link":"https:\/\/www.kizatrans.com\/index.php\/acceuil\/","title":{"rendered":"Kizatrans International"},"content":{"rendered":"\n<p>La Soci\u00e9t\u00e9 Kizatrans , une exp\u00e9rience de 15 ans dans le transport International Multimodal.<br>Kizatrans b\u00e9n\u00e9ficie d\u2019un important r\u00e9seau de partenaires internationaux de transport qui lui permet d\u2019\u00eatre efficace et rapide pour tout envoi ou r\u00e9ception de tout types de marchandises \u00e0 travers le monde.<br><br>Nos Activit\u00e9s : FRET IMPORT\/EXPORT<br>&#8211; Toutes destinations\/tous modes de transport : National et International<br><br>POUR LES ENTREPRISES<br>&#8211; Solutions pour le transport de vos marchandises \u00e0 l\u2019international Par Air\/Mer\/Route<br><br>POUR LES PARTICULIERS<br>. D\u00e9m\u00e9nagements, effets personnels, autres par Mer\/Air \u2013 d\u00e9taxes commerciales a\u00e9roports<br><br>Service Livraisons Enl\u00e8vements et Magasinage.<\/p>\n","protected":false},"excerpt":{"rendered":"<p>La Soci\u00e9t\u00e9 Kizatrans , une exp\u00e9rience de 15 ans dans le transport International Multimodal.Kizatrans b\u00e9n\u00e9ficie d\u2019un important r\u00e9seau de partenaires internationaux de transport qui lui permet d\u2019\u00eatre efficace et rapide pour tout envoi ou r\u00e9ception de tout types de marchandises \u00e0 travers le monde. Nos Activit\u00e9s : FRET IMPORT\/EXPORT&#8211; Toutes destinations\/tous modes de transport : [&hellip;]<\/p>\n","protected":false},"author":1,"featured_media":145,"parent":0,"menu_order":0,"comment_status":"closed","ping_status":"closed","template":"","meta":{"footnotes":""},"class_list":["post-12","page","type-page","status-publish","has-post-thumbnail","hentry"],"_links":{"self":[{"href":"https:\/\/www.kizatrans.com\/index.php\/wp-json\/wp\/v2\/pages\/12","targetHints":{"allow":["GET"]}}],"collection":[{"href":"https:\/\/www.kizatrans.com\/index.php\/wp-json\/wp\/v2\/pages"}],"about":[{"href":"https:\/\/www.kizatrans.com\/index.php\/wp-json\/wp\/v2\/types\/page"}],"author":[{"embeddable":true,"href":"https:\/\/www.kizatrans.com\/index.php\/wp-json\/wp\/v2\/users\/1"}],"replies":[{"embeddable":true,"href":"https:\/\/www.kizatrans.com\/index.php\/wp-json\/wp\/v2\/comments?post=12"}],"version-history":[{"count":4,"href":"https:\/\/www.kizatrans.com\/index.php\/wp-json\/wp\/v2\/pages\/12\/revisions"}],"predecessor-version":[{"id":19,"href":"https:\/\/www.kizatrans.com\/index.php\/wp-json\/wp\/v2\/pages\/12\/revisions\/19"}],"wp:featuredmedia":[{"embeddable":true,"href":"https:\/\/www.kizatrans.com\/index.php\/wp-json\/wp\/v2\/media\/145"}],"wp:attachment":[{"href":"https:\/\/www.kizatrans.com\/index.php\/wp-json\/wp\/v2\/media?parent=12"}],"curies":[{"name":"wp","href":"https:\/\/api.w.org\/{rel}","templated":true}]}}